{"id":3025,"date":"2021-02-02T19:42:12","date_gmt":"2021-02-02T18:42:12","guid":{"rendered":"http:\/\/schreiner-brand.de\/home\/?page_id=3025"},"modified":"2021-02-02T19:42:13","modified_gmt":"2021-02-02T18:42:13","slug":"tuer-1","status":"publish","type":"page","link":"https:\/\/schreiner-brand.de\/home\/tuer-1\/","title":{"rendered":"T\u00fcr 1"},"content":{"rendered":"\n<figure class=\"wp-block-image size-large\"><img fetchpriority=\"high\" decoding=\"async\" width=\"768\" height=\"1024\" src=\"https:\/\/schreiner-brand.de\/wp-content\/uploads\/2021\/01\/Hupke-HT-aussen-4-768x1024.jpg\" alt=\"\" class=\"wp-image-2967\" srcset=\"https:\/\/schreiner-brand.de\/wp-content\/uploads\/2021\/01\/Hupke-HT-aussen-4-768x1024.jpg 768w, https:\/\/schreiner-brand.de\/wp-content\/uploads\/2021\/01\/Hupke-HT-aussen-4-225x300.jpg 225w, https:\/\/schreiner-brand.de\/wp-content\/uploads\/2021\/01\/Hupke-HT-aussen-4-110x146.jpg 110w, https:\/\/schreiner-brand.de\/wp-content\/uploads\/2021\/01\/Hupke-HT-aussen-4-38x50.jpg 38w, https:\/\/schreiner-brand.de\/wp-content\/uploads\/2021\/01\/Hupke-HT-aussen-4-56x75.jpg 56w\" sizes=\"(max-width:767px) 480px, (max-width:768px) 100vw, 768px\" \/><\/figure>\n\n\n\n<figure class=\"wp-block-image size-large\"><img decoding=\"async\" width=\"768\" height=\"1024\" src=\"https:\/\/schreiner-brand.de\/wp-content\/uploads\/2021\/01\/Hupke-HT-innen-seitlich-768x1024.jpg\" alt=\"\" class=\"wp-image-2968\" srcset=\"https:\/\/schreiner-brand.de\/wp-content\/uploads\/2021\/01\/Hupke-HT-innen-seitlich-768x1024.jpg 768w, https:\/\/schreiner-brand.de\/wp-content\/uploads\/2021\/01\/Hupke-HT-innen-seitlich-225x300.jpg 225w, https:\/\/schreiner-brand.de\/wp-content\/uploads\/2021\/01\/Hupke-HT-innen-seitlich-110x146.jpg 110w, https:\/\/schreiner-brand.de\/wp-content\/uploads\/2021\/01\/Hupke-HT-innen-seitlich-38x50.jpg 38w, https:\/\/schreiner-brand.de\/wp-content\/uploads\/2021\/01\/Hupke-HT-innen-seitlich-56x75.jpg 56w\" sizes=\"(max-width:767px) 480px, (max-width:768px) 100vw, 768px\" \/><\/figure>\n\n\n\n<p>Zu sehen ist eine renovierte Altstadtt\u00fcr <\/p>\n\n\n\n<p>Damit diese sch\u00f6ne altert\u00fcmliche T\u00fcr weiter ihren Dienst tun durfte wurde sie von uns auf der Au\u00dfenseite komplett Renoviert  und eine Innent\u00fcre aufgedoppelt. Somit entspricht sie den heutigen W\u00e4rme- und Sicherheitsrichtlinien und bleibt viele weitere Jahre erhalten.<\/p>\n","protected":false},"excerpt":{"rendered":"<p>Zu sehen ist eine renovierte Altstadtt\u00fcr Damit diese sch\u00f6ne altert\u00fcmliche T\u00fcr weiter ihren Dienst tun durfte wurde sie von uns auf der Au\u00dfenseite komplett Renoviert und<span class=\"excerpt-hellip\"> [\u2026]<\/span><\/p>\n","protected":false},"author":1,"featured_media":0,"parent":0,"menu_order":0,"comment_status":"closed","ping_status":"closed","template":"","meta":{"footnotes":""},"class_list":["post-3025","page","type-page","status-publish","hentry"],"_links":{"self":[{"href":"https:\/\/schreiner-brand.de\/home\/wp-json\/wp\/v2\/pages\/3025","targetHints":{"allow":["GET"]}}],"collection":[{"href":"https:\/\/schreiner-brand.de\/home\/wp-json\/wp\/v2\/pages"}],"about":[{"href":"https:\/\/schreiner-brand.de\/home\/wp-json\/wp\/v2\/types\/page"}],"author":[{"embeddable":true,"href":"https:\/\/schreiner-brand.de\/home\/wp-json\/wp\/v2\/users\/1"}],"replies":[{"embeddable":true,"href":"https:\/\/schreiner-brand.de\/home\/wp-json\/wp\/v2\/comments?post=3025"}],"version-history":[{"count":2,"href":"https:\/\/schreiner-brand.de\/home\/wp-json\/wp\/v2\/pages\/3025\/revisions"}],"predecessor-version":[{"id":3043,"href":"https:\/\/schreiner-brand.de\/home\/wp-json\/wp\/v2\/pages\/3025\/revisions\/3043"}],"wp:attachment":[{"href":"https:\/\/schreiner-brand.de\/home\/wp-json\/wp\/v2\/media?parent=3025"}],"curies":[{"name":"wp","href":"https:\/\/api.w.org\/{rel}","templated":true}]}}