{"id":3078,"date":"2021-02-03T22:35:48","date_gmt":"2021-02-03T21:35:48","guid":{"rendered":"http:\/\/schreiner-brand.de\/home\/?page_id=3078"},"modified":"2021-02-03T22:35:48","modified_gmt":"2021-02-03T21:35:48","slug":"heizungsblende","status":"publish","type":"page","link":"https:\/\/schreiner-brand.de\/home\/heizungsblende\/","title":{"rendered":"Heizungsblende"},"content":{"rendered":"\n<figure class=\"wp-block-image size-large\"><img fetchpriority=\"high\" decoding=\"async\" width=\"1621\" height=\"1621\" src=\"https:\/\/schreiner-brand.de\/wp-content\/uploads\/2021\/02\/IMG_2014-edited.jpg\" alt=\"\" class=\"wp-image-3079\" srcset=\"https:\/\/schreiner-brand.de\/wp-content\/uploads\/2021\/02\/IMG_2014-edited.jpg 1621w, https:\/\/schreiner-brand.de\/wp-content\/uploads\/2021\/02\/IMG_2014-edited-500x500.jpg 500w, https:\/\/schreiner-brand.de\/wp-content\/uploads\/2021\/02\/IMG_2014-edited-1200x1200.jpg 1200w, https:\/\/schreiner-brand.de\/wp-content\/uploads\/2021\/02\/IMG_2014-edited-300x300.jpg 300w, https:\/\/schreiner-brand.de\/wp-content\/uploads\/2021\/02\/IMG_2014-edited-768x768.jpg 768w, https:\/\/schreiner-brand.de\/wp-content\/uploads\/2021\/02\/IMG_2014-edited-1536x1536.jpg 1536w, https:\/\/schreiner-brand.de\/wp-content\/uploads\/2021\/02\/IMG_2014-edited-150x150.jpg 150w, https:\/\/schreiner-brand.de\/wp-content\/uploads\/2021\/02\/IMG_2014-edited-75x75.jpg 75w, https:\/\/schreiner-brand.de\/wp-content\/uploads\/2021\/02\/IMG_2014-edited-480x480.jpg 480w\" sizes=\"(max-width:767px) 480px, (max-width:1621px) 100vw, 1621px\" \/><figcaption>Lackierte Heizungsblende f\u00fcr gro\u00dfe Durchl\u00fcftung<\/figcaption><\/figure>\n","protected":false},"excerpt":{"rendered":"Lackierte Heizungsblende f\u00fcr gro\u00dfe Durchl\u00fcftung","protected":false},"author":1,"featured_media":0,"parent":0,"menu_order":0,"comment_status":"closed","ping_status":"closed","template":"","meta":{"footnotes":""},"class_list":["post-3078","page","type-page","status-publish","hentry"],"_links":{"self":[{"href":"https:\/\/schreiner-brand.de\/home\/wp-json\/wp\/v2\/pages\/3078","targetHints":{"allow":["GET"]}}],"collection":[{"href":"https:\/\/schreiner-brand.de\/home\/wp-json\/wp\/v2\/pages"}],"about":[{"href":"https:\/\/schreiner-brand.de\/home\/wp-json\/wp\/v2\/types\/page"}],"author":[{"embeddable":true,"href":"https:\/\/schreiner-brand.de\/home\/wp-json\/wp\/v2\/users\/1"}],"replies":[{"embeddable":true,"href":"https:\/\/schreiner-brand.de\/home\/wp-json\/wp\/v2\/comments?post=3078"}],"version-history":[{"count":1,"href":"https:\/\/schreiner-brand.de\/home\/wp-json\/wp\/v2\/pages\/3078\/revisions"}],"predecessor-version":[{"id":3080,"href":"https:\/\/schreiner-brand.de\/home\/wp-json\/wp\/v2\/pages\/3078\/revisions\/3080"}],"wp:attachment":[{"href":"https:\/\/schreiner-brand.de\/home\/wp-json\/wp\/v2\/media?parent=3078"}],"curies":[{"name":"wp","href":"https:\/\/api.w.org\/{rel}","templated":true}]}}